{"id":4218,"date":"2026-01-20T21:40:24","date_gmt":"2026-01-20T21:40:24","guid":{"rendered":"https:\/\/qual-italia.com\/qualitalia-emporio\/"},"modified":"2026-03-23T09:56:51","modified_gmt":"2026-03-23T09:56:51","slug":"qualitalia-emporio","status":"publish","type":"page","link":"https:\/\/qual-italia.com\/nl\/qualitalia-emporio\/","title":{"rendered":"CAPPELLANO GROEP - FAMIGLIA"},"content":{"rendered":"<div class=\"gb-container gb-container-03d73204\">\n<div class=\"gb-container gb-container-8a23586a\">\n<div class=\"gb-grid-wrapper gb-grid-wrapper-8f14a97d\">\n<div class=\"gb-grid-column gb-grid-column-f048bff6\"><div class=\"gb-container gb-container-f048bff6 scroller-traiteur\">\n\n<h2 class=\"gb-headline gb-headline-468dde94 gb-headline-text\">Cappellano groep<\/h2>\n\n\n\n<h2 class=\"gb-headline gb-headline-af05e98b gb-headline-text scroller-delicatessen\" id=\"traiteur\">Famiglia<\/h2>\n\n\n\n<p>Op dit moment bezit Cappellano Group drie offici\u00eble winkels. We zijn er trots op dat we deze winkels onze &#8216;Famiglia&#8217; (Italiaans voor &#8216;Familie&#8217;) noemen, onze naaste omgeving.  <br\/>Deze drie concepten zijn de belichaming van de missie van Cappellano Group, plaatsen waar echte authentieke Italiaanse gastronomie wordt gevierd in elk gerecht, elke glimlach en elke smaak.<\/p>\n\n\n\n<p><strong>Waarom deel uitmaken van de Cappellano Groep FAMIGLIA?<\/strong><\/p>\n\n\n\n<ul class=\"wp-block-list\">\n<li>Word lid van het <strong>kernnetwerk van concepten van Cappellano Group<\/strong><\/li>\n\n\n\n<li><strong>Strategisch partnerschap en ondersteuning van groei op lange termijn<\/strong><\/li>\n\n\n\n<li><strong>Onbeperkte consultancy en managementbegeleiding<\/strong><\/li>\n\n\n\n<li>Toegang tot <strong>exclusieve leveranciersvoorwaarden en huismerkvoordelen<\/strong><\/li>\n\n\n\n<li><strong>Benchmarking, strategische inzichten en gedeelde expertise<\/strong> binnen de groep<\/li>\n\n\n\n<li><strong>Prioriteit zichtbaarheid, evenementen en merksamenwerkingen<\/strong><\/li>\n<\/ul>\n\n\n\n<p><em>Famiglia is meer dan een partnerschap, het is samen bouwen aan de toekomst van authentieke Italiaanse gastvrijheid.<\/em><\/p>\n\n\n<div class=\"gb-button-wrapper gb-button-wrapper-98836c6e\">\n\n<a class=\"gb-button gb-button-ce449b15 gb-button-text popmake-2528\" href=\"#contactform\">WORD LID VAN ONZE FAMILIE<\/a>\n\n<\/div>\n<\/div><\/div>\n\n<div class=\"gb-grid-column gb-grid-column-8f2026e5\"><div class=\"gb-container gb-container-8f2026e5\"><\/div><\/div>\n<\/div>\n<\/div>\n<\/div><div class=\"gb-container gb-container-337bdc58\">\n<div class=\"gb-container gb-container-c644119c\">\n<div class=\"gb-container gb-container-c1c80f9b\">\n<div class=\"gb-grid-wrapper gb-grid-wrapper-3d2b79a0\">\n<div class=\"gb-grid-column gb-grid-column-c10c6d3d\"><div class=\"gb-container gb-container-c10c6d3d\"><\/div><\/div>\n\n<div class=\"gb-grid-column gb-grid-column-0fdad543\"><div class=\"gb-container gb-container-0fdad543 scroller-traiteur\">\n\n<h2 class=\"gb-headline gb-headline-4b197dda gb-headline-text\">Delft<\/h2>\n\n\n\n<figure class=\"gb-block-image gb-block-image-e47608ea\"><img loading=\"lazy\" decoding=\"async\" width=\"3023\" height=\"1082\" class=\"gb-image gb-image-e47608ea\" src=\"https:\/\/qual-italia.com\/wp-content\/uploads\/2022\/11\/il-tartufo-logo.png\" alt=\"\" title=\"il-tartufo-logo\" srcset=\"https:\/\/qual-italia.com\/wp-content\/uploads\/2022\/11\/il-tartufo-logo.png 3023w, https:\/\/qual-italia.com\/wp-content\/uploads\/2022\/11\/il-tartufo-logo-300x107.png 300w, https:\/\/qual-italia.com\/wp-content\/uploads\/2022\/11\/il-tartufo-logo-1024x367.png 1024w, https:\/\/qual-italia.com\/wp-content\/uploads\/2022\/11\/il-tartufo-logo-768x275.png 768w, https:\/\/qual-italia.com\/wp-content\/uploads\/2022\/11\/il-tartufo-logo-1536x550.png 1536w, https:\/\/qual-italia.com\/wp-content\/uploads\/2022\/11\/il-tartufo-logo-2048x733.png 2048w, https:\/\/qual-italia.com\/wp-content\/uploads\/2022\/11\/il-tartufo-logo-1320x472.png 1320w, https:\/\/qual-italia.com\/wp-content\/uploads\/2022\/11\/il-tartufo-logo-600x215.png 600w\" sizes=\"auto, (max-width: 3023px) 100vw, 3023px\" \/><\/figure>\n\n\n\n<p class=\"has-qualitalia-achtergrond-beige-color has-text-color has-link-color wp-elements-c4dda3bbff4250e21998dc8e2c62e66d\">Il Tartufo is een unieke Italiaanse delicatessenwinkel, traiteur en osteria in \u00e9\u00e9n. Hier, in het hart van Delft, promoten Fabio en zijn familie sinds 2000 met trots de authentieke Italiaanse keuken. Naast onze winkel en osteria kun je bij Il Tartufo dagelijks eten bestellen of je catering op maat boeken, met alleen de beste Italiaanse gerechten.  <\/p>\n\n\n\n<p class=\"has-qualitalia-achtergrond-beige-color has-text-color has-link-color wp-elements-035b3fe3b0f114ad52eddd8cd597f821\">Bij Il Tartufo werkt de familie Cappellano elke dag met de grootste passie om je het echte Itali\u00eb te laten proeven en ervaren. Onze deuren staan altijd open - dus kom vooral langs! <\/p>\n\n\n<div class=\"gb-button-wrapper gb-button-wrapper-a0406df6\">\n\n<a class=\"gb-button gb-button-9e89cb28 gb-button-text\" href=\"https:\/\/iltartufo.nl\" target=\"_blank\" rel=\"noopener noreferrer\">Bezoek Il Tartufo<\/a>\n\n<\/div>\n<\/div><\/div>\n<\/div>\n<\/div>\n<\/div>\n<\/div><div class=\"gb-container gb-container-1393fbfd\">\n<div class=\"gb-container gb-container-5d4882e3\">\n<div class=\"gb-container gb-container-aa0925d2\">\n<div class=\"gb-grid-wrapper gb-grid-wrapper-02b0fd1f\">\n<div class=\"gb-grid-column gb-grid-column-bb34168c\"><div class=\"gb-container gb-container-bb34168c scroller-traiteur\">\n\n<h2 class=\"gb-headline gb-headline-213cc98d gb-headline-text\">Breda<\/h2>\n\n\n\n<figure class=\"gb-block-image gb-block-image-9cdb2b04\"><img loading=\"lazy\" decoding=\"async\" width=\"583\" height=\"130\" class=\"gb-image gb-image-9cdb2b04\" src=\"https:\/\/qual-italia.com\/wp-content\/uploads\/2023\/06\/ILLIMONE-logo-nav-2.png\" alt=\"\" title=\"ILLIMONE-logo-nav-2\" srcset=\"https:\/\/qual-italia.com\/wp-content\/uploads\/2023\/06\/ILLIMONE-logo-nav-2.png 583w, https:\/\/qual-italia.com\/wp-content\/uploads\/2023\/06\/ILLIMONE-logo-nav-2-300x67.png 300w\" sizes=\"auto, (max-width: 583px) 100vw, 583px\" \/><\/figure>\n\n\n\n<p>Il Limone is een unieke Italiaanse delicatessenwinkel, traiteur en osteria in \u00e9\u00e9n! Gelegen aan de mooiste winkelstraat van Breda, de Wilhelminastraat, is Il Limone sinds november 2023 geopend. <\/p>\n\n\n\n<p>Hier kun je winkelen voor de lekkerste Italiaanse delicatessen of gaan zitten en genieten van een heerlijke lunch of diner.<\/p>\n\n\n\n<p>Il Limone biedt een uitgebreid en zorgvuldig samengesteld assortiment. Je vindt hier de allerbeste delicatessen uit heel Itali\u00eb, afkomstig van kleine, onderscheidende familiebedrijven. Elk product is persoonlijk geselecteerd door Fabio, die meer dan 35 jaar ervaring meebrengt, en zijn dochter Chiara. Onze uitgebreide selectie omvat vleeswaren, kazen, antipasti, gedroogde pasta&#8217;s, pastasauzen, wijnen en zoetigheden. We zijn trots op de beste Prosciutto di Parma, uitzonderlijke Parmigiano Reggiano DOP en vele unieke wijnen.    <\/p>\n\n\n<div class=\"gb-button-wrapper gb-button-wrapper-b492426b\">\n\n<a class=\"gb-button gb-button-3b0ddff6 gb-button-text popmake-2528\" href=\"https:\/\/illimone.nl\" target=\"_blank\" rel=\"noopener noreferrer\">Bezoek Il Limone<\/a>\n\n<\/div>\n<\/div><\/div>\n\n<div class=\"gb-grid-column gb-grid-column-354c49d4\"><div class=\"gb-container gb-container-354c49d4\"><\/div><\/div>\n<\/div>\n<\/div>\n<\/div>\n<\/div><div class=\"gb-container gb-container-79b318a4\">\n<div class=\"gb-container gb-container-f815169f\">\n<div class=\"gb-container gb-container-5f953360\">\n<div class=\"gb-grid-wrapper gb-grid-wrapper-051861a2\">\n<div class=\"gb-grid-column gb-grid-column-31ebd69f\"><div class=\"gb-container gb-container-31ebd69f\"><\/div><\/div>\n\n<div class=\"gb-grid-column gb-grid-column-7fed47b2\"><div class=\"gb-container gb-container-7fed47b2 scroller-traiteur\">\n\n<h2 class=\"gb-headline gb-headline-1c6899ec gb-headline-text\">Rotterdam<\/h2>\n\n\n\n<figure class=\"gb-block-image gb-block-image-9425be61\"><img loading=\"lazy\" decoding=\"async\" width=\"1256\" height=\"311\" class=\"gb-image gb-image-9425be61\" src=\"https:\/\/qual-italia.com\/wp-content\/uploads\/2026\/01\/la-vita-e-bella-logo.png\" alt=\"\" title=\"la-vita-e-bella-logo\" srcset=\"https:\/\/qual-italia.com\/wp-content\/uploads\/2026\/01\/la-vita-e-bella-logo.png 1256w, https:\/\/qual-italia.com\/wp-content\/uploads\/2026\/01\/la-vita-e-bella-logo-300x74.png 300w, https:\/\/qual-italia.com\/wp-content\/uploads\/2026\/01\/la-vita-e-bella-logo-1024x254.png 1024w, https:\/\/qual-italia.com\/wp-content\/uploads\/2026\/01\/la-vita-e-bella-logo-768x190.png 768w\" sizes=\"auto, (max-width: 1256px) 100vw, 1256px\" \/><\/figure>\n\n\n\n<p class=\"has-qualitalia-achtergrond-beige-color has-text-color has-link-color wp-elements-0c324546db0600f9372294371bf93714\">La Vita \u00e8 Bella is een Italiaanse delicatessenwinkel en traiteur in \u00e9\u00e9n, gevestigd in de mooie wijk Kralingen in Rotterdam. Hier staan Davide en Silvia elke dag klaar om je te verwelkomen met echte Italiaanse gastvrijheid. <\/p>\n\n\n\n<p class=\"has-qualitalia-achtergrond-beige-color has-text-color has-link-color wp-elements-852ef3f45a0b2cedf7885359066d6625\">Hun oorspronkelijk uit Rome afkomstige aanbod bestaat trots uit Davide&#8217;s beroemde suppl\u00ec, traditionele Romeinse porchetta en verse Siciliaanse cannoli. La Vita \u00e8 Bella verzorgt ook catering, waaronder prachtig bereide antipastischotels en ovengebakken gerechten zoals Lasagna Bolognese. <\/p>\n\n\n\n<p class=\"has-qualitalia-achtergrond-beige-color has-text-color has-link-color wp-elements-b396cfdec0d2134c47737cc82b40e10a\">Een waar genot om te bezoeken! Dus ja, als je in Rotterdam bent, is dit een must-visit bestemming.&#8221; <\/p>\n\n\n<div class=\"gb-button-wrapper gb-button-wrapper-b86b2dd9\">\n\n<a class=\"gb-button gb-button-74927493 gb-button-text\" href=\"https:\/\/lavitaebellatraiteur.nl\" target=\"_blank\" rel=\"noopener noreferrer\">bezoek La Vita \u00e8 Bella<\/a>\n\n<\/div>\n<\/div><\/div>\n<\/div>\n<\/div>\n<\/div>\n<\/div><div class=\"gb-container gb-container-96d795d6\"><div class=\"gb-inside-container\">\n<div class=\"gb-grid-wrapper gb-grid-wrapper-a6ea796c\">\n<div class=\"gb-grid-column gb-grid-column-7d0da464\"><div class=\"gb-container gb-container-7d0da464\"><\/div><\/div>\n\n<div class=\"gb-grid-column gb-grid-column-18a2a7c6\"><div class=\"gb-container gb-container-18a2a7c6\">\n\n<h3 class=\"gb-headline gb-headline-9919f396 gb-headline-text\" id=\"contactform\">Vragen?<\/h3>\n\n\n\n<h2 class=\"gb-headline gb-headline-9bfb5b30 gb-headline-text\">Vraag ons alles<\/h2>\n\n\n\n\n<div class=\"wpcf7 no-js\" id=\"wpcf7-f4283-o1\" lang=\"nl-NL\" dir=\"ltr\" data-wpcf7-id=\"4283\">\n<div class=\"screen-reader-response\"><p role=\"status\" aria-live=\"polite\" aria-atomic=\"true\"><\/p> <ul><\/ul><\/div>\n<form action=\"\/nl\/wp-json\/wp\/v2\/pages\/4218#wpcf7-f4283-o1\" method=\"post\" class=\"wpcf7-form init\" aria-label=\"Contactformulier\" novalidate=\"novalidate\" data-status=\"init\">\n<fieldset class=\"hidden-fields-container\"><input type=\"hidden\" name=\"_wpcf7\" value=\"4283\" \/><input type=\"hidden\" name=\"_wpcf7_version\" value=\"6.1.5\" \/><input type=\"hidden\" name=\"_wpcf7_locale\" value=\"nl_NL\" \/><input type=\"hidden\" name=\"_wpcf7_unit_tag\" value=\"wpcf7-f4283-o1\" \/><input type=\"hidden\" name=\"_wpcf7_container_post\" value=\"0\" \/><input type=\"hidden\" name=\"_wpcf7_posted_data_hash\" value=\"\" \/>\n<\/fieldset>\n<p><label> Je naam<br \/>\n<span class=\"wpcf7-form-control-wrap\" data-name=\"your-name\"><input size=\"40\" maxlength=\"400\" class=\"wpcf7-form-control wpcf7-text wpcf7-validates-as-required\" autocomplete=\"name\" aria-required=\"true\" aria-invalid=\"false\" value=\"\" type=\"text\" name=\"your-name\" \/><\/span> <\/label>\n<\/p>\n<p><label> Je e-mailadres<br \/>\n<span class=\"wpcf7-form-control-wrap\" data-name=\"your-email\"><input size=\"40\" maxlength=\"400\" class=\"wpcf7-form-control wpcf7-email wpcf7-validates-as-required wpcf7-text wpcf7-validates-as-email\" autocomplete=\"email\" aria-required=\"true\" aria-invalid=\"false\" value=\"\" type=\"email\" name=\"your-email\" \/><\/span> <\/label>\n<\/p>\n<p><label> Jouw bericht<br \/>\n<span class=\"wpcf7-form-control-wrap\" data-name=\"your-message\"><textarea cols=\"40\" rows=\"10\" maxlength=\"2000\" class=\"wpcf7-form-control wpcf7-textarea\" aria-invalid=\"false\" name=\"your-message\"><\/textarea><\/span> <\/label>\n<\/p>\n<p><input class=\"wpcf7-form-control wpcf7-submit has-spinner\" type=\"submit\" value=\"Stuur  in\" \/>\n<\/p><div class=\"wpcf7-response-output\" aria-hidden=\"true\"><\/div>\n<\/form>\n<\/div>\n\n\n<\/div><\/div>\n\n<div class=\"gb-grid-column gb-grid-column-f653c9ea\"><div class=\"gb-container gb-container-f653c9ea\"><\/div><\/div>\n<\/div>\n<\/div><\/div><div class=\"gb-container gb-container-e9ed99d8\"><\/div>","protected":false},"excerpt":{"rendered":"","protected":false},"author":1,"featured_media":0,"parent":0,"menu_order":0,"comment_status":"closed","ping_status":"closed","template":"","meta":{"footnotes":""},"class_list":["post-4218","page","type-page","status-publish"],"_links":{"self":[{"href":"https:\/\/qual-italia.com\/nl\/wp-json\/wp\/v2\/pages\/4218","targetHints":{"allow":["GET"]}}],"collection":[{"href":"https:\/\/qual-italia.com\/nl\/wp-json\/wp\/v2\/pages"}],"about":[{"href":"https:\/\/qual-italia.com\/nl\/wp-json\/wp\/v2\/types\/page"}],"author":[{"embeddable":true,"href":"https:\/\/qual-italia.com\/nl\/wp-json\/wp\/v2\/users\/1"}],"replies":[{"embeddable":true,"href":"https:\/\/qual-italia.com\/nl\/wp-json\/wp\/v2\/comments?post=4218"}],"version-history":[{"count":22,"href":"https:\/\/qual-italia.com\/nl\/wp-json\/wp\/v2\/pages\/4218\/revisions"}],"predecessor-version":[{"id":4415,"href":"https:\/\/qual-italia.com\/nl\/wp-json\/wp\/v2\/pages\/4218\/revisions\/4415"}],"wp:attachment":[{"href":"https:\/\/qual-italia.com\/nl\/wp-json\/wp\/v2\/media?parent=4218"}],"curies":[{"name":"wp","href":"https:\/\/api.w.org\/{rel}","templated":true}]}}