{"id":4259,"date":"2026-01-20T00:05:39","date_gmt":"2026-01-20T00:05:39","guid":{"rendered":"https:\/\/qual-italia.com\/over\/"},"modified":"2026-03-23T10:05:37","modified_gmt":"2026-03-23T10:05:37","slug":"over","status":"publish","type":"page","link":"https:\/\/qual-italia.com\/nl\/over\/","title":{"rendered":"Over"},"content":{"rendered":"<div class=\"gb-container gb-container-b1fff4a0\"><\/div><div class=\"gb-container gb-container-03d73204\">\n<div class=\"gb-container gb-container-8a23586a\">\n<div class=\"gb-grid-wrapper gb-grid-wrapper-8f14a97d\">\n<div class=\"gb-grid-column gb-grid-column-f048bff6\"><div class=\"gb-container gb-container-f048bff6 scroller-traiteur\">\n\n<h2 class=\"gb-headline gb-headline-468dde94 gb-headline-text\">Qualitalia<\/h2>\n\n\n\n<h2 class=\"gb-headline gb-headline-af05e98b gb-headline-text scroller-delicatessen\" id=\"traiteur\">Geschiedenis<\/h2>\n\n\n\n<p>Qualitalia begon in 1996. Fabio cre\u00eberde de eerste transportlijnen tussen Itali\u00eb en Nederland. Als directeur van een van de eerste Italiaanse groothandels in Nederland reisde hij heel Itali\u00eb door om de allerbeste producten te selecteren bij kleine authentieke familiebedrijven. Na het selecteren en cre\u00ebren van deze lijnen is in 2008 Qualitalia B.V. opgericht, dat zich presenteert als een Italiaans food consultancy bedrijf dat ondernemers in de voedingsmiddelenindustrie ondersteunt en bedrijven die willen werken met de Italiaanse gastronomie. Qualitalia is een kleinschalig bedrijf met een zeer persoonlijke aanpak. Qualitalia richt zich op het cre\u00ebren van een originele Italiaanse ervaring in elk bedrijf.     <\/p>\n\n<\/div><\/div>\n\n<div class=\"gb-grid-column gb-grid-column-8f2026e5\"><div class=\"gb-container gb-container-8f2026e5\"><\/div><\/div>\n<\/div>\n<\/div>\n<\/div><div class=\"gb-container gb-container-41f9344d\">\n<div class=\"gb-container gb-container-1ab8c5d2\">\n<div class=\"gb-container gb-container-b711bad7\">\n<div class=\"gb-grid-wrapper gb-grid-wrapper-f0155bee\">\n<div class=\"gb-grid-column gb-grid-column-fd9a2c4c\"><div class=\"gb-container gb-container-fd9a2c4c\"><\/div><\/div>\n\n<div class=\"gb-grid-column gb-grid-column-a6e6410b\"><div class=\"gb-container gb-container-a6e6410b scroller-traiteur\">\n\n<h2 class=\"gb-headline gb-headline-1fda1040 gb-headline-text\">Over<\/h2>\n\n\n\n<h2 class=\"gb-headline gb-headline-0bac8e7a gb-headline-text scroller-delicatessen\" id=\"traiteur\">Fabio<\/h2>\n\n\n\n<p>Fabio Cappellano groeide op in een ondernemersgezin in Siracusa, Sicili\u00eb. Als kind bracht hij veel tijd door met zijn grootmoeder, Nonna Maria, van wie hij zijn passie voor de authentieke Italiaanse keuken en de tradities erachter erfde. Zij introduceerde hem in het ambacht en legde de basis voor wat later zijn levenswerk zou worden.  <br\/><br\/>Na de middelbare school koos Fabio ervoor om verder te studeren in Nederland. Op 18-jarige leeftijd verhuisde hij naar Delft om civiele techniek te studeren aan de TU Delft. Hoewel hij dit pad een aantal jaren volgde, kreeg zijn ware passie uiteindelijk de overhand. Eind twintig werd hij directeur van een van de eerste Italiaanse groothandels in Nederland. In deze periode reisde hij veel door Itali\u00eb en selecteerde hij persoonlijk bijzondere producten van kleine, echte familiebedrijven.    <br\/><br\/>Deze jaren van nauwe samenwerking met Italiaanse ambachtslieden vormden de visie achter zijn toekomstige merk. In november 2000 opende Fabio zijn eerste Qualitalia Emporio in Delft, genaamd Il Tartufo. Dit was het begin van een nieuw hoofdstuk: een hoofdstuk dat in het teken stond van kwaliteit, authenticiteit en de warme gastvrijheid van de echte Italiaanse gastronomie.  <\/p>\n\n<\/div><\/div>\n<\/div>\n<\/div>\n<\/div>\n<\/div><div class=\"gb-container gb-container-0b52842f\">\n<div class=\"gb-container gb-container-aaf1a11d\"><div class=\"gb-inside-container\">\n<div class=\"gb-grid-wrapper gb-grid-wrapper-27e8b951\">\n<div class=\"gb-grid-column gb-grid-column-480bb4ef\"><div class=\"gb-container gb-container-480bb4ef\"><div class=\"gb-inside-container\"><\/div><\/div><\/div>\n\n<div class=\"gb-grid-column gb-grid-column-22211699\"><div class=\"gb-container gb-container-22211699\"><div class=\"gb-inside-container\">\n\n<div style=\"height:20px\" aria-hidden=\"true\" class=\"wp-block-spacer\"><\/div>\n\n\n\n<figure class=\"gb-block-image gb-block-image-f435dd1a\"><img loading=\"lazy\" decoding=\"async\" width=\"536\" height=\"668\" class=\"gb-image gb-image-f435dd1a\" src=\"https:\/\/qual-italia.com\/wp-content\/uploads\/2023\/08\/Qualitalia-Keurmerk-logo-met-payoff.png\" alt=\"\" title=\"Qualitalia Keurmerk logo\" srcset=\"https:\/\/qual-italia.com\/wp-content\/uploads\/2023\/08\/Qualitalia-Keurmerk-logo-met-payoff.png 536w, https:\/\/qual-italia.com\/wp-content\/uploads\/2023\/08\/Qualitalia-Keurmerk-logo-met-payoff-241x300.png 241w\" sizes=\"auto, (max-width: 536px) 100vw, 536px\" \/><\/figure>\n\n\n\n<p class=\"has-qualitalia-achtergrond-beige-color has-text-color\" style=\"font-size:20px\"><strong>Door de jaren heen heeft Fabio via Qualitalia veel bedrijven helpen groeien, zowel in Nederland als in het buitenland; een mooi voorbeeld is &#8216;Mercato&#8217;, een Italiaans eethuis dat Fabio in 2014 in Dubai opende.<\/strong><\/p>\n\n\n\n<p class=\"has-qualitalia-achtergrond-beige-color has-text-color\" style=\"font-size:20px\"><strong>Vandaag de dag is Qualitalia verdeeld in drie hoofdactiviteiten: Cappellano Group, waar onze horecaconcepten worden ontwikkeld en beheerd, Selezione Qualitalia, ons Retail, Private Label, Products R&amp;D domein en tot slot Qualitalia Consultancy<\/strong>.  <\/p>\n\n<\/div><\/div><\/div>\n\n<div class=\"gb-grid-column gb-grid-column-fb1b8df2\"><div class=\"gb-container gb-container-fb1b8df2\"><div class=\"gb-inside-container\"><\/div><\/div><\/div>\n<\/div>\n<\/div><\/div>\n<\/div><div class=\"gb-container gb-container-5ff179d8\">\n<div class=\"gb-container gb-container-b90009ed\">\n<div class=\"gb-container gb-container-a53a32d7 align-last-element\">\n<div class=\"gb-grid-wrapper gb-grid-wrapper-26ac62d6\">\n<div class=\"gb-grid-column gb-grid-column-6ab407f8\"><div class=\"gb-container gb-container-6ab407f8\">\n\n<h2 class=\"gb-headline gb-headline-d0cc4438 gb-headline-text\">Cappellano groep<\/h2>\n\n\n\n<h2 class=\"gb-headline gb-headline-adf3a069 gb-headline-text\">FAMIGLIA<\/h2>\n\n\n<div class=\"wp-block-image rounded-corners\">\n<figure class=\"aligncenter size-full is-resized\"><img loading=\"lazy\" decoding=\"async\" width=\"720\" height=\"1280\" src=\"https:\/\/qual-italia.com\/wp-content\/uploads\/2026\/03\/qualitalia-2026-10.jpg\" alt=\"\" class=\"wp-image-4408\" style=\"object-fit:cover;width:489px;height:348px\" srcset=\"https:\/\/qual-italia.com\/wp-content\/uploads\/2026\/03\/qualitalia-2026-10.jpg 720w, https:\/\/qual-italia.com\/wp-content\/uploads\/2026\/03\/qualitalia-2026-10-169x300.jpg 169w, https:\/\/qual-italia.com\/wp-content\/uploads\/2026\/03\/qualitalia-2026-10-576x1024.jpg 576w\" sizes=\"auto, (max-width: 720px) 100vw, 720px\" \/><\/figure><\/div>\n\n\n<div style=\"height:30px\" aria-hidden=\"true\" class=\"wp-block-spacer\"><\/div>\n\n\n\n<p class=\"has-base-2-color has-text-color\">Via de Capellano Group bezit Qualitalia drie winkels in heel Nederland. Deze concepten belichamen onze kwaliteitsvisie en brengen de echte, oprechte, authentieke Italiaanse gastronomie op tafel.   <\/p>\n\n\n\n<div style=\"height:30px\" aria-hidden=\"true\" class=\"wp-block-spacer\"><\/div>\n\n\n<div class=\"gb-button-wrapper gb-button-wrapper-08e3d09d\">\n\n<a class=\"gb-button gb-button-83e08ccc gb-button-text\" href=\"https:\/\/qual-italia.com\/nl\/qualitalia-emporio\/\">Meer lezen<\/a>\n\n<\/div>\n<\/div><\/div>\n\n<div class=\"gb-grid-column gb-grid-column-7f409e3e\"><div class=\"gb-container gb-container-7f409e3e\">\n\n<h2 class=\"gb-headline gb-headline-eab8e1f1 gb-headline-text\">Cappellano groep<\/h2>\n\n\n\n<h2 class=\"gb-headline gb-headline-9a63a091 gb-headline-text\">Amici<\/h2>\n\n\n<div class=\"wp-block-image rounded-corners\">\n<figure class=\"aligncenter size-large is-resized\"><img loading=\"lazy\" decoding=\"async\" width=\"1024\" height=\"1024\" src=\"https:\/\/qual-italia.com\/wp-content\/uploads\/2023\/11\/bottega-italiana-2023-vierkant-1024x1024.jpg\" alt=\"\" class=\"wp-image-3464\" style=\"object-fit:cover;width:489px;height:348px\" srcset=\"https:\/\/qual-italia.com\/wp-content\/uploads\/2023\/11\/bottega-italiana-2023-vierkant-1024x1024.jpg 1024w, https:\/\/qual-italia.com\/wp-content\/uploads\/2023\/11\/bottega-italiana-2023-vierkant-300x300.jpg 300w, https:\/\/qual-italia.com\/wp-content\/uploads\/2023\/11\/bottega-italiana-2023-vierkant-150x150.jpg 150w, https:\/\/qual-italia.com\/wp-content\/uploads\/2023\/11\/bottega-italiana-2023-vierkant-768x768.jpg 768w, https:\/\/qual-italia.com\/wp-content\/uploads\/2023\/11\/bottega-italiana-2023-vierkant-1536x1536.jpg 1536w, https:\/\/qual-italia.com\/wp-content\/uploads\/2023\/11\/bottega-italiana-2023-vierkant.jpg 1600w\" sizes=\"auto, (max-width: 1024px) 100vw, 1024px\" \/><\/figure><\/div>\n\n\n<div style=\"height:30px\" aria-hidden=\"true\" class=\"wp-block-spacer\"><\/div>\n\n\n\n<p class=\"has-base-2-color has-text-color\">Via onze franchiseovereenkomsten heeft Cappellano Group de groei van verschillende aangesloten bedrijven ondersteund. Terwijl ze profiteren van het leveranciersnetwerk van Qualitalia, de productkennis en de zichtbaarheid van Cappellano Group, moeten onze Amici voldoen aan een reeks criteria die een gewenst kwaliteitsniveau garanderen.   <\/p>\n\n\n\n<div style=\"height:30px\" aria-hidden=\"true\" class=\"wp-block-spacer\"><\/div>\n\n\n<div class=\"gb-button-wrapper gb-button-wrapper-2fe89da0\">\n\n<a class=\"gb-button gb-button-74f98e54 gb-button-text\" href=\"https:\/\/qual-italia.com\/nl\/bottega-italiana\/\">Meer lezen<\/a>\n\n<\/div>\n<\/div><\/div>\n\n<div class=\"gb-grid-column gb-grid-column-7b1ce804\"><div class=\"gb-container gb-container-7b1ce804\">\n\n<h2 class=\"gb-headline gb-headline-93fd74f7 gb-headline-text\">Qualitalia<\/h2>\n\n\n\n<h2 class=\"gb-headline gb-headline-dfa8e131 gb-headline-text\">Advies<\/h2>\n\n\n<div class=\"wp-block-image rounded-corners\">\n<figure class=\"aligncenter size-large is-resized\"><img loading=\"lazy\" decoding=\"async\" width=\"1024\" height=\"1024\" src=\"https:\/\/qual-italia.com\/wp-content\/uploads\/2023\/11\/consultancy-2023-1024x1024.jpg\" alt=\"\" class=\"wp-image-3459\" style=\"object-fit:cover;width:489px;height:348px\" srcset=\"https:\/\/qual-italia.com\/wp-content\/uploads\/2023\/11\/consultancy-2023-1024x1024.jpg 1024w, https:\/\/qual-italia.com\/wp-content\/uploads\/2023\/11\/consultancy-2023-300x300.jpg 300w, https:\/\/qual-italia.com\/wp-content\/uploads\/2023\/11\/consultancy-2023-150x150.jpg 150w, https:\/\/qual-italia.com\/wp-content\/uploads\/2023\/11\/consultancy-2023-768x768.jpg 768w, https:\/\/qual-italia.com\/wp-content\/uploads\/2023\/11\/consultancy-2023-1536x1536.jpg 1536w, https:\/\/qual-italia.com\/wp-content\/uploads\/2023\/11\/consultancy-2023.jpg 1600w\" sizes=\"auto, (max-width: 1024px) 100vw, 1024px\" \/><\/figure><\/div>\n\n\n<div style=\"height:30px\" aria-hidden=\"true\" class=\"wp-block-spacer\"><\/div>\n\n\n\n<p class=\"has-base-2-color has-text-color\">Qualitalia verkoopt haar expertise aan bedrijven en ondernemers die advies en begeleiding zoeken voor hun Italiaanse themabedrijf. Dit kan zijn binnen reeds bestaande bedrijven die graag willen groeien, maar dit kan ook een ondernemer zijn die advies nodig heeft over het starten van een Italiaanse winkel, restaurant of bar.   <\/p>\n\n\n\n<div style=\"height:30px\" aria-hidden=\"true\" class=\"wp-block-spacer\"><\/div>\n\n\n<div class=\"gb-button-wrapper gb-button-wrapper-bd495451\">\n\n<a class=\"gb-button gb-button-bbc62aea gb-button-text\" href=\"https:\/\/qual-italia.com\/nl\/advies\/\">Meer lezen<\/a>\n\n<\/div>\n<\/div><\/div>\n<\/div>\n<\/div>\n<\/div>\n<\/div><div class=\"gb-container gb-container-363f5bd5\">\n<div class=\"gb-container gb-container-5bb8452a\">\n<div class=\"gb-container gb-container-c21d7a11\">\n<div class=\"gb-grid-wrapper gb-grid-wrapper-3ec05715\">\n<div class=\"gb-grid-column gb-grid-column-032b0282\"><div class=\"gb-container gb-container-032b0282\"><\/div><\/div>\n\n<div class=\"gb-grid-column gb-grid-column-4b90f2fd\"><div class=\"gb-container gb-container-4b90f2fd scroller-traiteur\">\n\n<h2 class=\"gb-headline gb-headline-f79300cb gb-headline-text\"><br>Onze<\/h2>\n\n\n\n<h2 class=\"gb-headline gb-headline-b26e7f61 gb-headline-text scroller-delicatessen\" id=\"traiteur\">Missie<\/h2>\n\n\n\n<p>De missie van Qualitalia is het cre\u00ebren en cultiveren van echt authentieke Italiaanse ervaringen. Dergelijke ervaringen zijn niet gebaseerd op Italiaanse vlaggen, themamuziek of recepten die &#8216;Italiaans klinken&#8217;. Ze zijn gebaseerd op echte Italiaanse producten van hoge kwaliteit, professionaliteit en de onmiskenbare warmte van Italiaanse gastvrijheid, gedreven door passie. Elk product dat we aanbieden is persoonlijk geselecteerd bij kleine, authentieke familiebedrijven in Itali\u00eb. Dit is de basis van onze kracht.    <\/p>\n\n<\/div><\/div>\n<\/div>\n<\/div>\n<\/div>\n<\/div>","protected":false},"excerpt":{"rendered":"","protected":false},"author":1,"featured_media":0,"parent":0,"menu_order":0,"comment_status":"closed","ping_status":"closed","template":"","meta":{"footnotes":""},"class_list":["post-4259","page","type-page","status-publish"],"_links":{"self":[{"href":"https:\/\/qual-italia.com\/nl\/wp-json\/wp\/v2\/pages\/4259","targetHints":{"allow":["GET"]}}],"collection":[{"href":"https:\/\/qual-italia.com\/nl\/wp-json\/wp\/v2\/pages"}],"about":[{"href":"https:\/\/qual-italia.com\/nl\/wp-json\/wp\/v2\/types\/page"}],"author":[{"embeddable":true,"href":"https:\/\/qual-italia.com\/nl\/wp-json\/wp\/v2\/users\/1"}],"replies":[{"embeddable":true,"href":"https:\/\/qual-italia.com\/nl\/wp-json\/wp\/v2\/comments?post=4259"}],"version-history":[{"count":11,"href":"https:\/\/qual-italia.com\/nl\/wp-json\/wp\/v2\/pages\/4259\/revisions"}],"predecessor-version":[{"id":4427,"href":"https:\/\/qual-italia.com\/nl\/wp-json\/wp\/v2\/pages\/4259\/revisions\/4427"}],"wp:attachment":[{"href":"https:\/\/qual-italia.com\/nl\/wp-json\/wp\/v2\/media?parent=4259"}],"curies":[{"name":"wp","href":"https:\/\/api.w.org\/{rel}","templated":true}]}}